{"id":1614,"date":"2024-01-23T12:30:18","date_gmt":"2024-01-23T11:30:18","guid":{"rendered":"https:\/\/dolmon.cz\/?page_id=1614"},"modified":"2024-01-23T12:32:42","modified_gmt":"2024-01-23T11:32:42","slug":"operna-zed-popice","status":"publish","type":"page","link":"https:\/\/dolmon.cz\/index.php\/operna-zed-popice\/","title":{"rendered":"Op\u011brn\u00e1 ze\u010f Popice"},"content":{"rendered":"\t\t<div data-elementor-type=\"wp-page\" data-elementor-id=\"1614\" class=\"elementor elementor-1614\">\n\t\t\t\t\t\t\t<div class=\"elementor-element elementor-element-49774fa e-flex e-con-boxed e-con e-parent\" data-id=\"49774fa\" data-element_type=\"container\" data-settings=\"{&quot;container_type&quot;:&quot;flex&quot;,&quot;content_width&quot;:&quot;boxed&quot;}\" data-core-v316-plus=\"true\">\n\t\t\t\t\t<div class=\"e-con-inner\">\n\t\t\t\t<div class=\"elementor-element elementor-element-9b28573 elementor-widget elementor-widget-heading\" data-id=\"9b28573\" data-element_type=\"widget\" data-widget_type=\"heading.default\">\n\t\t\t\t<div class=\"elementor-widget-container\">\n\t\t\t<style>\/*! elementor - v3.18.0 - 20-12-2023 *\/\n.elementor-heading-title{padding:0;margin:0;line-height:1}.elementor-widget-heading .elementor-heading-title[class*=elementor-size-]>a{color:inherit;font-size:inherit;line-height:inherit}.elementor-widget-heading .elementor-heading-title.elementor-size-small{font-size:15px}.elementor-widget-heading .elementor-heading-title.elementor-size-medium{font-size:19px}.elementor-widget-heading .elementor-heading-title.elementor-size-large{font-size:29px}.elementor-widget-heading .elementor-heading-title.elementor-size-xl{font-size:39px}.elementor-widget-heading .elementor-heading-title.elementor-size-xxl{font-size:59px}<\/style><h2 class=\"elementor-heading-title elementor-size-default\">Op\u011brn\u00e1 ze\u010f Popice<\/h2>\t\t<\/div>\n\t\t\t\t<\/div>\n\t\t\t\t\t<\/div>\n\t\t\t\t<\/div>\n\t\t<div class=\"elementor-element elementor-element-d6b51f0 e-flex e-con-boxed e-con e-parent\" data-id=\"d6b51f0\" data-element_type=\"container\" data-settings=\"{&quot;container_type&quot;:&quot;flex&quot;,&quot;content_width&quot;:&quot;boxed&quot;}\" data-core-v316-plus=\"true\">\n\t\t\t\t\t<div class=\"e-con-inner\">\n\t\t<div class=\"elementor-element elementor-element-e1816f8 e-flex e-con-boxed e-con e-child\" data-id=\"e1816f8\" data-element_type=\"container\" data-settings=\"{&quot;container_type&quot;:&quot;flex&quot;,&quot;content_width&quot;:&quot;boxed&quot;}\">\n\t\t\t\t\t<div class=\"e-con-inner\">\n\t\t\t\t<div class=\"elementor-element elementor-element-8a4b2cc bdt-skin-fedara-style-center elementor-widget elementor-widget-bdt-custom-gallery\" data-id=\"8a4b2cc\" data-element_type=\"widget\" data-settings=\"{&quot;columns&quot;:&quot;3&quot;,&quot;columns_tablet&quot;:&quot;2&quot;,&quot;columns_mobile&quot;:&quot;1&quot;}\" data-widget_type=\"bdt-custom-gallery.default\">\n\t\t\t\t<div class=\"elementor-widget-container\">\n\t\t\t\t\t<div id=\"bdt-custom-gallery-8a4b2cc\" class=\"bdt-custom-gallery bdt-skin-default bdt-grid bdt-grid-small\" data-bdt-grid=\"masonry: true\" data-bdt-lightbox=\"toggle: .bdt-gallery-lightbox-item; animation:slide;\" data-settings=\"{&quot;id&quot;:&quot;#bdt-custom-gallery-8a4b2cc&quot;,&quot;tiltShow&quot;:false}\">\r\n\t\t\t\t\t<div class=\"bdt-gallery-item bdt-transition-toggle bdt-width-1-1 bdt-width-1-2@s bdt-width-1-3@m\">\r\n\t\t\t\t<div class=\"bdt-custom-gallery-inner\">\r\n\r\n\t\t\t\t\t\r\n\t\t\t\t\t\r\n\t\t\t\t\t\t\r\n\t\t<div class=\"bdt-gallery-thumbnail\">\r\n\r\n\t\t\t<img fetchpriority=\"high\" decoding=\"async\" width=\"225\" height=\"300\" src=\"https:\/\/dolmon.cz\/wp-content\/uploads\/2024\/01\/IMG_5731-1-225x300.jpg\" class=\"attachment-medium size-medium\" alt=\"\" srcset=\"https:\/\/dolmon.cz\/wp-content\/uploads\/2024\/01\/IMG_5731-1-225x300.jpg 225w, https:\/\/dolmon.cz\/wp-content\/uploads\/2024\/01\/IMG_5731-1-768x1024.jpg 768w, https:\/\/dolmon.cz\/wp-content\/uploads\/2024\/01\/IMG_5731-1-1152x1536.jpg 1152w, https:\/\/dolmon.cz\/wp-content\/uploads\/2024\/01\/IMG_5731-1-1536x2048.jpg 1536w, https:\/\/dolmon.cz\/wp-content\/uploads\/2024\/01\/IMG_5731-1-scaled.jpg 1920w\" sizes=\"(max-width: 225px) 100vw, 225px\" \/>\r\n\t\t<\/div>\r\n\t\t\t<div class=\"bdt-overlay bdt-overlay-default bdt-position-cover bdt-transition-fade\">\r\n\t\t\t<div class=\"bdt-custom-gallery-content\">\r\n\t\t\t\t<div class=\"bdt-custom-gallery-content-inner\">\r\n\r\n\r\n\r\n\t\t\t\t\t\t\t\t\t\t\t<div class=\"bdt-flex-inline bdt-gallery-item-link-wrapper\">\r\n\t\t\t\t\t\t\t<a data-elementor-open-lightbox=\"no\" href=\"https:\/\/dolmon.cz\/wp-content\/uploads\/2024\/01\/IMG_5731-1-scaled.jpg\" class=\"bdt-gallery-item-link bdt-gallery-lightbox-item\" data-caption=\"\">\r\n\t\t\t\t\t\t\t\t\t\t\t\t\t\t\t\t\t<i class=\"ep-icon-plus\" aria-hidden=\"true\"><\/i>\r\n\t\t\t\t\t\t\t\t\t\t\t\t\t\t\t<\/a>\r\n\t\t\t\t\t\t<\/div>\r\n\t\t\t\t\t\r\n\t\t\t\t\t\t\t<h3 class=\"bdt-gallery-item-title bdt-transition-slide-top-small\">\r\n\t\t\t\t\t<\/h3>\r\n\t\t\t<div class=\"bdt-gallery-item-text bdt-transition-slide-bottom-small\"><\/div>\r\n\t\r\n\t\t\t\t<\/div>\r\n\t\t\t<\/div>\r\n\t\t<\/div>\r\n\t\r\n\t\t\t\t\t\t\t\t\t\t<\/div>\r\n\t\t\t<\/div>\r\n\r\n\t\t\t\t\t<div class=\"bdt-gallery-item bdt-transition-toggle bdt-width-1-1 bdt-width-1-2@s bdt-width-1-3@m\">\r\n\t\t\t\t<div class=\"bdt-custom-gallery-inner\">\r\n\r\n\t\t\t\t\t\r\n\t\t\t\t\t\r\n\t\t\t\t\t\t\r\n\t\t<div class=\"bdt-gallery-thumbnail\">\r\n\r\n\t\t\t<img decoding=\"async\" width=\"300\" height=\"225\" src=\"https:\/\/dolmon.cz\/wp-content\/uploads\/2024\/01\/IMG_4848-300x225.jpg\" class=\"attachment-medium size-medium\" alt=\"\" srcset=\"https:\/\/dolmon.cz\/wp-content\/uploads\/2024\/01\/IMG_4848-300x225.jpg 300w, https:\/\/dolmon.cz\/wp-content\/uploads\/2024\/01\/IMG_4848-1024x768.jpg 1024w, https:\/\/dolmon.cz\/wp-content\/uploads\/2024\/01\/IMG_4848-768x576.jpg 768w, https:\/\/dolmon.cz\/wp-content\/uploads\/2024\/01\/IMG_4848-1536x1152.jpg 1536w, https:\/\/dolmon.cz\/wp-content\/uploads\/2024\/01\/IMG_4848-2048x1536.jpg 2048w\" sizes=\"(max-width: 300px) 100vw, 300px\" \/>\r\n\t\t<\/div>\r\n\t\t\t<div class=\"bdt-overlay bdt-overlay-default bdt-position-cover bdt-transition-fade\">\r\n\t\t\t<div class=\"bdt-custom-gallery-content\">\r\n\t\t\t\t<div class=\"bdt-custom-gallery-content-inner\">\r\n\r\n\r\n\r\n\t\t\t\t\t\t\t\t\t\t\t<div class=\"bdt-flex-inline bdt-gallery-item-link-wrapper\">\r\n\t\t\t\t\t\t\t<a data-elementor-open-lightbox=\"no\" href=\"https:\/\/dolmon.cz\/wp-content\/uploads\/2024\/01\/IMG_4848-scaled.jpg\" class=\"bdt-gallery-item-link bdt-gallery-lightbox-item\" data-caption=\"\">\r\n\t\t\t\t\t\t\t\t\t\t\t\t\t\t\t\t\t<i class=\"ep-icon-plus\" aria-hidden=\"true\"><\/i>\r\n\t\t\t\t\t\t\t\t\t\t\t\t\t\t\t<\/a>\r\n\t\t\t\t\t\t<\/div>\r\n\t\t\t\t\t\r\n\t\t\t\t\t\t\t<h3 class=\"bdt-gallery-item-title bdt-transition-slide-top-small\">\r\n\t\t\t\t\t<\/h3>\r\n\t\t\t<div class=\"bdt-gallery-item-text bdt-transition-slide-bottom-small\"><\/div>\r\n\t\r\n\t\t\t\t<\/div>\r\n\t\t\t<\/div>\r\n\t\t<\/div>\r\n\t\r\n\t\t\t\t\t\t\t\t\t\t<\/div>\r\n\t\t\t<\/div>\r\n\r\n\t\t\t\t\t<div class=\"bdt-gallery-item bdt-transition-toggle bdt-width-1-1 bdt-width-1-2@s bdt-width-1-3@m\">\r\n\t\t\t\t<div class=\"bdt-custom-gallery-inner\">\r\n\r\n\t\t\t\t\t\r\n\t\t\t\t\t\r\n\t\t\t\t\t\t\r\n\t\t<div class=\"bdt-gallery-thumbnail\">\r\n\r\n\t\t\t<img decoding=\"async\" width=\"225\" height=\"300\" src=\"https:\/\/dolmon.cz\/wp-content\/uploads\/2024\/01\/IMG_5220-225x300.jpg\" class=\"attachment-medium size-medium\" alt=\"\" srcset=\"https:\/\/dolmon.cz\/wp-content\/uploads\/2024\/01\/IMG_5220-225x300.jpg 225w, https:\/\/dolmon.cz\/wp-content\/uploads\/2024\/01\/IMG_5220-768x1024.jpg 768w, https:\/\/dolmon.cz\/wp-content\/uploads\/2024\/01\/IMG_5220-1152x1536.jpg 1152w, https:\/\/dolmon.cz\/wp-content\/uploads\/2024\/01\/IMG_5220-1536x2048.jpg 1536w, https:\/\/dolmon.cz\/wp-content\/uploads\/2024\/01\/IMG_5220-scaled.jpg 1920w\" sizes=\"(max-width: 225px) 100vw, 225px\" \/>\r\n\t\t<\/div>\r\n\t\t\t<div class=\"bdt-overlay bdt-overlay-default bdt-position-cover bdt-transition-fade\">\r\n\t\t\t<div class=\"bdt-custom-gallery-content\">\r\n\t\t\t\t<div class=\"bdt-custom-gallery-content-inner\">\r\n\r\n\r\n\r\n\t\t\t\t\t\t\t\t\t\t\t<div class=\"bdt-flex-inline bdt-gallery-item-link-wrapper\">\r\n\t\t\t\t\t\t\t<a data-elementor-open-lightbox=\"no\" href=\"https:\/\/dolmon.cz\/wp-content\/uploads\/2024\/01\/IMG_5220-scaled.jpg\" class=\"bdt-gallery-item-link bdt-gallery-lightbox-item\" data-caption=\"\">\r\n\t\t\t\t\t\t\t\t\t\t\t\t\t\t\t\t\t<i class=\"ep-icon-plus\" aria-hidden=\"true\"><\/i>\r\n\t\t\t\t\t\t\t\t\t\t\t\t\t\t\t<\/a>\r\n\t\t\t\t\t\t<\/div>\r\n\t\t\t\t\t\r\n\t\t\t\t\t\t\t<h3 class=\"bdt-gallery-item-title bdt-transition-slide-top-small\">\r\n\t\t\t\t\t<\/h3>\r\n\t\t\t<div class=\"bdt-gallery-item-text bdt-transition-slide-bottom-small\"><\/div>\r\n\t\r\n\t\t\t\t<\/div>\r\n\t\t\t<\/div>\r\n\t\t<\/div>\r\n\t\r\n\t\t\t\t\t\t\t\t\t\t<\/div>\r\n\t\t\t<\/div>\r\n\r\n\t\t\t\t\t<div class=\"bdt-gallery-item bdt-transition-toggle bdt-width-1-1 bdt-width-1-2@s bdt-width-1-3@m\">\r\n\t\t\t\t<div class=\"bdt-custom-gallery-inner\">\r\n\r\n\t\t\t\t\t\r\n\t\t\t\t\t\r\n\t\t\t\t\t\t\r\n\t\t<div class=\"bdt-gallery-thumbnail\">\r\n\r\n\t\t\t<img loading=\"lazy\" decoding=\"async\" width=\"225\" height=\"300\" src=\"https:\/\/dolmon.cz\/wp-content\/uploads\/2024\/01\/IMG_5172-225x300.jpg\" class=\"attachment-medium size-medium\" alt=\"\" srcset=\"https:\/\/dolmon.cz\/wp-content\/uploads\/2024\/01\/IMG_5172-225x300.jpg 225w, https:\/\/dolmon.cz\/wp-content\/uploads\/2024\/01\/IMG_5172-768x1024.jpg 768w, https:\/\/dolmon.cz\/wp-content\/uploads\/2024\/01\/IMG_5172-1152x1536.jpg 1152w, https:\/\/dolmon.cz\/wp-content\/uploads\/2024\/01\/IMG_5172-1536x2048.jpg 1536w, https:\/\/dolmon.cz\/wp-content\/uploads\/2024\/01\/IMG_5172-scaled.jpg 1920w\" sizes=\"(max-width: 225px) 100vw, 225px\" \/>\r\n\t\t<\/div>\r\n\t\t\t<div class=\"bdt-overlay bdt-overlay-default bdt-position-cover bdt-transition-fade\">\r\n\t\t\t<div class=\"bdt-custom-gallery-content\">\r\n\t\t\t\t<div class=\"bdt-custom-gallery-content-inner\">\r\n\r\n\r\n\r\n\t\t\t\t\t\t\t\t\t\t\t<div class=\"bdt-flex-inline bdt-gallery-item-link-wrapper\">\r\n\t\t\t\t\t\t\t<a data-elementor-open-lightbox=\"no\" href=\"https:\/\/dolmon.cz\/wp-content\/uploads\/2024\/01\/IMG_5172-scaled.jpg\" class=\"bdt-gallery-item-link bdt-gallery-lightbox-item\" data-caption=\"\">\r\n\t\t\t\t\t\t\t\t\t\t\t\t\t\t\t\t\t<i class=\"ep-icon-plus\" aria-hidden=\"true\"><\/i>\r\n\t\t\t\t\t\t\t\t\t\t\t\t\t\t\t<\/a>\r\n\t\t\t\t\t\t<\/div>\r\n\t\t\t\t\t\r\n\t\t\t\t\t\t\t<h3 class=\"bdt-gallery-item-title bdt-transition-slide-top-small\">\r\n\t\t\t\t\t<\/h3>\r\n\t\t\t<div class=\"bdt-gallery-item-text bdt-transition-slide-bottom-small\"><\/div>\r\n\t\r\n\t\t\t\t<\/div>\r\n\t\t\t<\/div>\r\n\t\t<\/div>\r\n\t\r\n\t\t\t\t\t\t\t\t\t\t<\/div>\r\n\t\t\t<\/div>\r\n\r\n\t\t\t\t\t<div class=\"bdt-gallery-item bdt-transition-toggle bdt-width-1-1 bdt-width-1-2@s bdt-width-1-3@m\">\r\n\t\t\t\t<div class=\"bdt-custom-gallery-inner\">\r\n\r\n\t\t\t\t\t\r\n\t\t\t\t\t\r\n\t\t\t\t\t\t\r\n\t\t<div class=\"bdt-gallery-thumbnail\">\r\n\r\n\t\t\t<img loading=\"lazy\" decoding=\"async\" width=\"225\" height=\"300\" src=\"https:\/\/dolmon.cz\/wp-content\/uploads\/2024\/01\/IMG_4978-225x300.jpg\" class=\"attachment-medium size-medium\" alt=\"\" srcset=\"https:\/\/dolmon.cz\/wp-content\/uploads\/2024\/01\/IMG_4978-225x300.jpg 225w, https:\/\/dolmon.cz\/wp-content\/uploads\/2024\/01\/IMG_4978-768x1024.jpg 768w, https:\/\/dolmon.cz\/wp-content\/uploads\/2024\/01\/IMG_4978-1152x1536.jpg 1152w, https:\/\/dolmon.cz\/wp-content\/uploads\/2024\/01\/IMG_4978-1536x2048.jpg 1536w, https:\/\/dolmon.cz\/wp-content\/uploads\/2024\/01\/IMG_4978-scaled.jpg 1920w\" sizes=\"(max-width: 225px) 100vw, 225px\" \/>\r\n\t\t<\/div>\r\n\t\t\t<div class=\"bdt-overlay bdt-overlay-default bdt-position-cover bdt-transition-fade\">\r\n\t\t\t<div class=\"bdt-custom-gallery-content\">\r\n\t\t\t\t<div class=\"bdt-custom-gallery-content-inner\">\r\n\r\n\r\n\r\n\t\t\t\t\t\t\t\t\t\t\t<div class=\"bdt-flex-inline bdt-gallery-item-link-wrapper\">\r\n\t\t\t\t\t\t\t<a data-elementor-open-lightbox=\"no\" href=\"https:\/\/dolmon.cz\/wp-content\/uploads\/2024\/01\/IMG_4978-scaled.jpg\" class=\"bdt-gallery-item-link bdt-gallery-lightbox-item\" data-caption=\"\">\r\n\t\t\t\t\t\t\t\t\t\t\t\t\t\t\t\t\t<i class=\"ep-icon-plus\" aria-hidden=\"true\"><\/i>\r\n\t\t\t\t\t\t\t\t\t\t\t\t\t\t\t<\/a>\r\n\t\t\t\t\t\t<\/div>\r\n\t\t\t\t\t\r\n\t\t\t\t\t\t\t<h3 class=\"bdt-gallery-item-title bdt-transition-slide-top-small\">\r\n\t\t\t\t\t<\/h3>\r\n\t\t\t<div class=\"bdt-gallery-item-text bdt-transition-slide-bottom-small\"><\/div>\r\n\t\r\n\t\t\t\t<\/div>\r\n\t\t\t<\/div>\r\n\t\t<\/div>\r\n\t\r\n\t\t\t\t\t\t\t\t\t\t<\/div>\r\n\t\t\t<\/div>\r\n\r\n\t\t\r\n\t\t<\/div>\r\n\t\t\t\t<\/div>\n\t\t\t\t<\/div>\n\t\t\t\t\t<\/div>\n\t\t\t\t<\/div>\n\t\t\t\t\t<\/div>\n\t\t\t\t<\/div>\n\t\t\t\t\t\t\t<\/div>\n\t\t","protected":false},"excerpt":{"rendered":"<p>Op\u011brn\u00e1 ze\u010f Popice<\/p>\n","protected":false},"author":1,"featured_media":0,"parent":0,"menu_order":0,"comment_status":"closed","ping_status":"closed","template":"","meta":{"om_disable_all_campaigns":false,"_monsterinsights_skip_tracking":false,"_monsterinsights_sitenote_active":false,"_monsterinsights_sitenote_note":"","_monsterinsights_sitenote_category":0,"_uf_show_specific_survey":0,"_uf_disable_surveys":false,"site-sidebar-layout":"no-sidebar","site-content-layout":"page-builder","ast-site-content-layout":"full-width-container","site-content-style":"default","site-sidebar-style":"default","ast-global-header-display":"","ast-banner-title-visibility":"","ast-main-header-display":"","ast-hfb-above-header-display":"","ast-hfb-below-header-display":"","ast-hfb-mobile-header-display":"","site-post-title":"disabled","ast-breadcrumbs-content":"","ast-featured-img":"disabled","footer-sml-layout":"","theme-transparent-header-meta":"","adv-header-id-meta":"","stick-header-meta":"","header-above-stick-meta":"","header-main-stick-meta":"","header-below-stick-meta":"","astra-migrate-meta-layouts":"set","ast-page-background-enabled":"default","ast-page-background-meta":{"desktop":{"background-color":"","background-image":"","background-repeat":"repeat","background-position":"center center","background-size":"auto","background-attachment":"scroll","background-type":"","background-media":"","overlay-type":"","overlay-color":"","overlay-gradient":""},"tablet":{"background-color":"","background-image":"","background-repeat":"repeat","background-position":"center center","background-size":"auto","background-attachment":"scroll","background-type":"","background-media":"","overlay-type":"","overlay-color":"","overlay-gradient":""},"mobile":{"background-color":"","background-image":"","background-repeat":"repeat","background-position":"center center","background-size":"auto","background-attachment":"scroll","background-type":"","background-media":"","overlay-type":"","overlay-color":"","overlay-gradient":""}},"ast-content-background-meta":{"desktop":{"background-color":"var(--ast-global-color-5)","background-image":"","background-repeat":"repeat","background-position":"center center","background-size":"auto","background-attachment":"scroll","background-type":"","background-media":"","overlay-type":"","overlay-color":"","overlay-gradient":""},"tablet":{"background-color":"var(--ast-global-color-5)","background-image":"","background-repeat":"repeat","background-position":"center center","background-size":"auto","background-attachment":"scroll","background-type":"","background-media":"","overlay-type":"","overlay-color":"","overlay-gradient":""},"mobile":{"background-color":"var(--ast-global-color-5)","background-image":"","background-repeat":"repeat","background-position":"center center","background-size":"auto","background-attachment":"scroll","background-type":"","background-media":"","overlay-type":"","overlay-color":"","overlay-gradient":""}},"ngg_post_thumbnail":0,"footnotes":""},"class_list":["post-1614","page","type-page","status-publish","hentry"],"aioseo_notices":[],"_links":{"self":[{"href":"https:\/\/dolmon.cz\/index.php\/wp-json\/wp\/v2\/pages\/1614","targetHints":{"allow":["GET"]}}],"collection":[{"href":"https:\/\/dolmon.cz\/index.php\/wp-json\/wp\/v2\/pages"}],"about":[{"href":"https:\/\/dolmon.cz\/index.php\/wp-json\/wp\/v2\/types\/page"}],"author":[{"embeddable":true,"href":"https:\/\/dolmon.cz\/index.php\/wp-json\/wp\/v2\/users\/1"}],"replies":[{"embeddable":true,"href":"https:\/\/dolmon.cz\/index.php\/wp-json\/wp\/v2\/comments?post=1614"}],"version-history":[{"count":4,"href":"https:\/\/dolmon.cz\/index.php\/wp-json\/wp\/v2\/pages\/1614\/revisions"}],"predecessor-version":[{"id":1624,"href":"https:\/\/dolmon.cz\/index.php\/wp-json\/wp\/v2\/pages\/1614\/revisions\/1624"}],"wp:attachment":[{"href":"https:\/\/dolmon.cz\/index.php\/wp-json\/wp\/v2\/media?parent=1614"}],"curies":[{"name":"wp","href":"https:\/\/api.w.org\/{rel}","templated":true}]}}