{"id":1647,"date":"2024-01-23T12:37:37","date_gmt":"2024-01-23T11:37:37","guid":{"rendered":"https:\/\/dolmon.cz\/?page_id=1647"},"modified":"2024-01-23T12:40:42","modified_gmt":"2024-01-23T11:40:42","slug":"zamkova-dlazba-simanov","status":"publish","type":"page","link":"https:\/\/dolmon.cz\/index.php\/zamkova-dlazba-simanov\/","title":{"rendered":"Z\u00e1mkov\u00e1 dla\u017eba \u0160imanov"},"content":{"rendered":"\t\t<div data-elementor-type=\"wp-page\" data-elementor-id=\"1647\" class=\"elementor elementor-1647\">\n\t\t\t\t\t\t\t<div class=\"elementor-element elementor-element-d04a691 e-flex e-con-boxed e-con e-parent\" data-id=\"d04a691\" data-element_type=\"container\" data-settings=\"{&quot;container_type&quot;:&quot;flex&quot;,&quot;content_width&quot;:&quot;boxed&quot;}\" data-core-v316-plus=\"true\">\n\t\t\t\t\t<div class=\"e-con-inner\">\n\t\t\t\t<div class=\"elementor-element elementor-element-eddcb17 elementor-widget elementor-widget-heading\" data-id=\"eddcb17\" data-element_type=\"widget\" data-widget_type=\"heading.default\">\n\t\t\t\t<div class=\"elementor-widget-container\">\n\t\t\t<style>\/*! elementor - v3.18.0 - 20-12-2023 *\/\n.elementor-heading-title{padding:0;margin:0;line-height:1}.elementor-widget-heading .elementor-heading-title[class*=elementor-size-]>a{color:inherit;font-size:inherit;line-height:inherit}.elementor-widget-heading .elementor-heading-title.elementor-size-small{font-size:15px}.elementor-widget-heading .elementor-heading-title.elementor-size-medium{font-size:19px}.elementor-widget-heading .elementor-heading-title.elementor-size-large{font-size:29px}.elementor-widget-heading .elementor-heading-title.elementor-size-xl{font-size:39px}.elementor-widget-heading .elementor-heading-title.elementor-size-xxl{font-size:59px}<\/style><h2 class=\"elementor-heading-title elementor-size-default\">Z\u00e1mkov\u00e1 dla\u017eba \u0160imanov<\/h2>\t\t<\/div>\n\t\t\t\t<\/div>\n\t\t\t\t\t<\/div>\n\t\t\t\t<\/div>\n\t\t<div class=\"elementor-element elementor-element-342bd32 e-flex e-con-boxed e-con e-parent\" data-id=\"342bd32\" data-element_type=\"container\" data-settings=\"{&quot;container_type&quot;:&quot;flex&quot;,&quot;content_width&quot;:&quot;boxed&quot;}\" data-core-v316-plus=\"true\">\n\t\t\t\t\t<div class=\"e-con-inner\">\n\t\t<div class=\"elementor-element elementor-element-c0a12a6 e-flex e-con-boxed e-con e-child\" data-id=\"c0a12a6\" data-element_type=\"container\" data-settings=\"{&quot;container_type&quot;:&quot;flex&quot;,&quot;content_width&quot;:&quot;boxed&quot;}\">\n\t\t\t\t\t<div class=\"e-con-inner\">\n\t\t\t\t<div class=\"elementor-element elementor-element-f9b4bd8 bdt-skin-fedara-style-center elementor-widget elementor-widget-bdt-custom-gallery\" data-id=\"f9b4bd8\" data-element_type=\"widget\" data-settings=\"{&quot;columns&quot;:&quot;3&quot;,&quot;columns_tablet&quot;:&quot;2&quot;,&quot;columns_mobile&quot;:&quot;1&quot;}\" data-widget_type=\"bdt-custom-gallery.default\">\n\t\t\t\t<div class=\"elementor-widget-container\">\n\t\t\t\t\t<div id=\"bdt-custom-gallery-f9b4bd8\" class=\"bdt-custom-gallery bdt-skin-default bdt-grid bdt-grid-small\" data-bdt-grid=\"masonry: true\" data-bdt-lightbox=\"toggle: .bdt-gallery-lightbox-item; animation:slide;\" data-settings=\"{&quot;id&quot;:&quot;#bdt-custom-gallery-f9b4bd8&quot;,&quot;tiltShow&quot;:false}\">\r\n\t\t\t\t\t<div class=\"bdt-gallery-item bdt-transition-toggle bdt-width-1-1 bdt-width-1-2@s bdt-width-1-3@m\">\r\n\t\t\t\t<div class=\"bdt-custom-gallery-inner\">\r\n\r\n\t\t\t\t\t\r\n\t\t\t\t\t\r\n\t\t\t\t\t\t\r\n\t\t<div class=\"bdt-gallery-thumbnail\">\r\n\r\n\t\t\t<img fetchpriority=\"high\" decoding=\"async\" width=\"225\" height=\"300\" src=\"https:\/\/dolmon.cz\/wp-content\/uploads\/2024\/01\/IMG_1716-2-225x300.jpg\" class=\"attachment-medium size-medium\" alt=\"\" srcset=\"https:\/\/dolmon.cz\/wp-content\/uploads\/2024\/01\/IMG_1716-2-225x300.jpg 225w, https:\/\/dolmon.cz\/wp-content\/uploads\/2024\/01\/IMG_1716-2-768x1024.jpg 768w, https:\/\/dolmon.cz\/wp-content\/uploads\/2024\/01\/IMG_1716-2-1152x1536.jpg 1152w, https:\/\/dolmon.cz\/wp-content\/uploads\/2024\/01\/IMG_1716-2.jpg 1536w\" sizes=\"(max-width: 225px) 100vw, 225px\" \/>\r\n\t\t<\/div>\r\n\t\t\t<div class=\"bdt-overlay bdt-overlay-default bdt-position-cover bdt-transition-fade\">\r\n\t\t\t<div class=\"bdt-custom-gallery-content\">\r\n\t\t\t\t<div class=\"bdt-custom-gallery-content-inner\">\r\n\r\n\r\n\r\n\t\t\t\t\t\t\t\t\t\t\t<div class=\"bdt-flex-inline bdt-gallery-item-link-wrapper\">\r\n\t\t\t\t\t\t\t<a data-elementor-open-lightbox=\"no\" href=\"https:\/\/dolmon.cz\/wp-content\/uploads\/2024\/01\/IMG_1716-2.jpg\" class=\"bdt-gallery-item-link bdt-gallery-lightbox-item\" data-caption=\"\">\r\n\t\t\t\t\t\t\t\t\t\t\t\t\t\t\t\t\t<i class=\"ep-icon-plus\" aria-hidden=\"true\"><\/i>\r\n\t\t\t\t\t\t\t\t\t\t\t\t\t\t\t<\/a>\r\n\t\t\t\t\t\t<\/div>\r\n\t\t\t\t\t\r\n\t\t\t\t\t\t\t<h3 class=\"bdt-gallery-item-title bdt-transition-slide-top-small\">\r\n\t\t\t\t\t<\/h3>\r\n\t\t\t<div class=\"bdt-gallery-item-text bdt-transition-slide-bottom-small\"><\/div>\r\n\t\r\n\t\t\t\t<\/div>\r\n\t\t\t<\/div>\r\n\t\t<\/div>\r\n\t\r\n\t\t\t\t\t\t\t\t\t\t<\/div>\r\n\t\t\t<\/div>\r\n\r\n\t\t\t\t\t<div class=\"bdt-gallery-item bdt-transition-toggle bdt-width-1-1 bdt-width-1-2@s bdt-width-1-3@m\">\r\n\t\t\t\t<div class=\"bdt-custom-gallery-inner\">\r\n\r\n\t\t\t\t\t\r\n\t\t\t\t\t\r\n\t\t\t\t\t\t\r\n\t\t<div class=\"bdt-gallery-thumbnail\">\r\n\r\n\t\t\t<img decoding=\"async\" width=\"300\" height=\"225\" src=\"https:\/\/dolmon.cz\/wp-content\/uploads\/2024\/01\/20230627_113254316_iOS-300x225.jpg\" class=\"attachment-medium size-medium\" alt=\"\" srcset=\"https:\/\/dolmon.cz\/wp-content\/uploads\/2024\/01\/20230627_113254316_iOS-300x225.jpg 300w, https:\/\/dolmon.cz\/wp-content\/uploads\/2024\/01\/20230627_113254316_iOS-1024x768.jpg 1024w, https:\/\/dolmon.cz\/wp-content\/uploads\/2024\/01\/20230627_113254316_iOS-768x576.jpg 768w, https:\/\/dolmon.cz\/wp-content\/uploads\/2024\/01\/20230627_113254316_iOS-1536x1152.jpg 1536w, https:\/\/dolmon.cz\/wp-content\/uploads\/2024\/01\/20230627_113254316_iOS.jpg 2048w\" sizes=\"(max-width: 300px) 100vw, 300px\" \/>\r\n\t\t<\/div>\r\n\t\t\t<div class=\"bdt-overlay bdt-overlay-default bdt-position-cover bdt-transition-fade\">\r\n\t\t\t<div class=\"bdt-custom-gallery-content\">\r\n\t\t\t\t<div class=\"bdt-custom-gallery-content-inner\">\r\n\r\n\r\n\r\n\t\t\t\t\t\t\t\t\t\t\t<div class=\"bdt-flex-inline bdt-gallery-item-link-wrapper\">\r\n\t\t\t\t\t\t\t<a data-elementor-open-lightbox=\"no\" href=\"https:\/\/dolmon.cz\/wp-content\/uploads\/2024\/01\/20230627_113254316_iOS.jpg\" class=\"bdt-gallery-item-link bdt-gallery-lightbox-item\" data-caption=\"\">\r\n\t\t\t\t\t\t\t\t\t\t\t\t\t\t\t\t\t<i class=\"ep-icon-plus\" aria-hidden=\"true\"><\/i>\r\n\t\t\t\t\t\t\t\t\t\t\t\t\t\t\t<\/a>\r\n\t\t\t\t\t\t<\/div>\r\n\t\t\t\t\t\r\n\t\t\t\t\t\t\t<h3 class=\"bdt-gallery-item-title bdt-transition-slide-top-small\">\r\n\t\t\t\t\t<\/h3>\r\n\t\t\t<div class=\"bdt-gallery-item-text bdt-transition-slide-bottom-small\"><\/div>\r\n\t\r\n\t\t\t\t<\/div>\r\n\t\t\t<\/div>\r\n\t\t<\/div>\r\n\t\r\n\t\t\t\t\t\t\t\t\t\t<\/div>\r\n\t\t\t<\/div>\r\n\r\n\t\t\t\t\t<div class=\"bdt-gallery-item bdt-transition-toggle bdt-width-1-1 bdt-width-1-2@s bdt-width-1-3@m\">\r\n\t\t\t\t<div class=\"bdt-custom-gallery-inner\">\r\n\r\n\t\t\t\t\t\r\n\t\t\t\t\t\r\n\t\t\t\t\t\t\r\n\t\t<div class=\"bdt-gallery-thumbnail\">\r\n\r\n\t\t\t<img decoding=\"async\" width=\"225\" height=\"300\" src=\"https:\/\/dolmon.cz\/wp-content\/uploads\/2024\/01\/IMG_1241-1-225x300.jpg\" class=\"attachment-medium size-medium\" alt=\"\" srcset=\"https:\/\/dolmon.cz\/wp-content\/uploads\/2024\/01\/IMG_1241-1-225x300.jpg 225w, https:\/\/dolmon.cz\/wp-content\/uploads\/2024\/01\/IMG_1241-1-768x1024.jpg 768w, https:\/\/dolmon.cz\/wp-content\/uploads\/2024\/01\/IMG_1241-1-1152x1536.jpg 1152w, https:\/\/dolmon.cz\/wp-content\/uploads\/2024\/01\/IMG_1241-1.jpg 1536w\" sizes=\"(max-width: 225px) 100vw, 225px\" \/>\r\n\t\t<\/div>\r\n\t\t\t<div class=\"bdt-overlay bdt-overlay-default bdt-position-cover bdt-transition-fade\">\r\n\t\t\t<div class=\"bdt-custom-gallery-content\">\r\n\t\t\t\t<div class=\"bdt-custom-gallery-content-inner\">\r\n\r\n\r\n\r\n\t\t\t\t\t\t\t\t\t\t\t<div class=\"bdt-flex-inline bdt-gallery-item-link-wrapper\">\r\n\t\t\t\t\t\t\t<a data-elementor-open-lightbox=\"no\" href=\"https:\/\/dolmon.cz\/wp-content\/uploads\/2024\/01\/IMG_1241-1.jpg\" class=\"bdt-gallery-item-link bdt-gallery-lightbox-item\" data-caption=\"\">\r\n\t\t\t\t\t\t\t\t\t\t\t\t\t\t\t\t\t<i class=\"ep-icon-plus\" aria-hidden=\"true\"><\/i>\r\n\t\t\t\t\t\t\t\t\t\t\t\t\t\t\t<\/a>\r\n\t\t\t\t\t\t<\/div>\r\n\t\t\t\t\t\r\n\t\t\t\t\t\t\t<h3 class=\"bdt-gallery-item-title bdt-transition-slide-top-small\">\r\n\t\t\t\t\t<\/h3>\r\n\t\t\t<div class=\"bdt-gallery-item-text bdt-transition-slide-bottom-small\"><\/div>\r\n\t\r\n\t\t\t\t<\/div>\r\n\t\t\t<\/div>\r\n\t\t<\/div>\r\n\t\r\n\t\t\t\t\t\t\t\t\t\t<\/div>\r\n\t\t\t<\/div>\r\n\r\n\t\t\t\t\t<div class=\"bdt-gallery-item bdt-transition-toggle bdt-width-1-1 bdt-width-1-2@s bdt-width-1-3@m\">\r\n\t\t\t\t<div class=\"bdt-custom-gallery-inner\">\r\n\r\n\t\t\t\t\t\r\n\t\t\t\t\t\r\n\t\t\t\t\t\t\r\n\t\t<div class=\"bdt-gallery-thumbnail\">\r\n\r\n\t\t\t<img loading=\"lazy\" decoding=\"async\" width=\"225\" height=\"300\" src=\"https:\/\/dolmon.cz\/wp-content\/uploads\/2024\/01\/20230627_113140153_iOS-225x300.jpg\" class=\"attachment-medium size-medium\" alt=\"\" srcset=\"https:\/\/dolmon.cz\/wp-content\/uploads\/2024\/01\/20230627_113140153_iOS-225x300.jpg 225w, https:\/\/dolmon.cz\/wp-content\/uploads\/2024\/01\/20230627_113140153_iOS-768x1024.jpg 768w, https:\/\/dolmon.cz\/wp-content\/uploads\/2024\/01\/20230627_113140153_iOS-1152x1536.jpg 1152w, https:\/\/dolmon.cz\/wp-content\/uploads\/2024\/01\/20230627_113140153_iOS.jpg 1536w\" sizes=\"(max-width: 225px) 100vw, 225px\" \/>\r\n\t\t<\/div>\r\n\t\t\t<div class=\"bdt-overlay bdt-overlay-default bdt-position-cover bdt-transition-fade\">\r\n\t\t\t<div class=\"bdt-custom-gallery-content\">\r\n\t\t\t\t<div class=\"bdt-custom-gallery-content-inner\">\r\n\r\n\r\n\r\n\t\t\t\t\t\t\t\t\t\t\t<div class=\"bdt-flex-inline bdt-gallery-item-link-wrapper\">\r\n\t\t\t\t\t\t\t<a data-elementor-open-lightbox=\"no\" href=\"https:\/\/dolmon.cz\/wp-content\/uploads\/2024\/01\/20230627_113140153_iOS.jpg\" class=\"bdt-gallery-item-link bdt-gallery-lightbox-item\" data-caption=\"\">\r\n\t\t\t\t\t\t\t\t\t\t\t\t\t\t\t\t\t<i class=\"ep-icon-plus\" aria-hidden=\"true\"><\/i>\r\n\t\t\t\t\t\t\t\t\t\t\t\t\t\t\t<\/a>\r\n\t\t\t\t\t\t<\/div>\r\n\t\t\t\t\t\r\n\t\t\t\t\t\t\t<h3 class=\"bdt-gallery-item-title bdt-transition-slide-top-small\">\r\n\t\t\t\t\t<\/h3>\r\n\t\t\t<div class=\"bdt-gallery-item-text bdt-transition-slide-bottom-small\"><\/div>\r\n\t\r\n\t\t\t\t<\/div>\r\n\t\t\t<\/div>\r\n\t\t<\/div>\r\n\t\r\n\t\t\t\t\t\t\t\t\t\t<\/div>\r\n\t\t\t<\/div>\r\n\r\n\t\t\t\t\t<div class=\"bdt-gallery-item bdt-transition-toggle bdt-width-1-1 bdt-width-1-2@s bdt-width-1-3@m\">\r\n\t\t\t\t<div class=\"bdt-custom-gallery-inner\">\r\n\r\n\t\t\t\t\t\r\n\t\t\t\t\t\r\n\t\t\t\t\t\t\r\n\t\t<div class=\"bdt-gallery-thumbnail\">\r\n\r\n\t\t\t<img loading=\"lazy\" decoding=\"async\" width=\"225\" height=\"300\" src=\"https:\/\/dolmon.cz\/wp-content\/uploads\/2024\/01\/20230627_113102429_iOS-225x300.jpg\" class=\"attachment-medium size-medium\" alt=\"\" srcset=\"https:\/\/dolmon.cz\/wp-content\/uploads\/2024\/01\/20230627_113102429_iOS-225x300.jpg 225w, https:\/\/dolmon.cz\/wp-content\/uploads\/2024\/01\/20230627_113102429_iOS-768x1024.jpg 768w, https:\/\/dolmon.cz\/wp-content\/uploads\/2024\/01\/20230627_113102429_iOS-1152x1536.jpg 1152w, https:\/\/dolmon.cz\/wp-content\/uploads\/2024\/01\/20230627_113102429_iOS.jpg 1536w\" sizes=\"(max-width: 225px) 100vw, 225px\" \/>\r\n\t\t<\/div>\r\n\t\t\t<div class=\"bdt-overlay bdt-overlay-default bdt-position-cover bdt-transition-fade\">\r\n\t\t\t<div class=\"bdt-custom-gallery-content\">\r\n\t\t\t\t<div class=\"bdt-custom-gallery-content-inner\">\r\n\r\n\r\n\r\n\t\t\t\t\t\t\t\t\t\t\t<div class=\"bdt-flex-inline bdt-gallery-item-link-wrapper\">\r\n\t\t\t\t\t\t\t<a data-elementor-open-lightbox=\"no\" href=\"https:\/\/dolmon.cz\/wp-content\/uploads\/2024\/01\/20230627_113102429_iOS.jpg\" class=\"bdt-gallery-item-link bdt-gallery-lightbox-item\" data-caption=\"\">\r\n\t\t\t\t\t\t\t\t\t\t\t\t\t\t\t\t\t<i class=\"ep-icon-plus\" aria-hidden=\"true\"><\/i>\r\n\t\t\t\t\t\t\t\t\t\t\t\t\t\t\t<\/a>\r\n\t\t\t\t\t\t<\/div>\r\n\t\t\t\t\t\r\n\t\t\t\t\t\t\t<h3 class=\"bdt-gallery-item-title bdt-transition-slide-top-small\">\r\n\t\t\t\t\t<\/h3>\r\n\t\t\t<div class=\"bdt-gallery-item-text bdt-transition-slide-bottom-small\"><\/div>\r\n\t\r\n\t\t\t\t<\/div>\r\n\t\t\t<\/div>\r\n\t\t<\/div>\r\n\t\r\n\t\t\t\t\t\t\t\t\t\t<\/div>\r\n\t\t\t<\/div>\r\n\r\n\t\t\t\t\t<div class=\"bdt-gallery-item bdt-transition-toggle bdt-width-1-1 bdt-width-1-2@s bdt-width-1-3@m\">\r\n\t\t\t\t<div class=\"bdt-custom-gallery-inner\">\r\n\r\n\t\t\t\t\t\r\n\t\t\t\t\t\r\n\t\t\t\t\t\t\r\n\t\t<div class=\"bdt-gallery-thumbnail\">\r\n\r\n\t\t\t<img loading=\"lazy\" decoding=\"async\" width=\"225\" height=\"300\" src=\"https:\/\/dolmon.cz\/wp-content\/uploads\/2024\/01\/20230502_083907932_iOS-225x300.jpg\" class=\"attachment-medium size-medium\" alt=\"\" srcset=\"https:\/\/dolmon.cz\/wp-content\/uploads\/2024\/01\/20230502_083907932_iOS-225x300.jpg 225w, https:\/\/dolmon.cz\/wp-content\/uploads\/2024\/01\/20230502_083907932_iOS-768x1024.jpg 768w, https:\/\/dolmon.cz\/wp-content\/uploads\/2024\/01\/20230502_083907932_iOS-1152x1536.jpg 1152w, https:\/\/dolmon.cz\/wp-content\/uploads\/2024\/01\/20230502_083907932_iOS.jpg 1536w\" sizes=\"(max-width: 225px) 100vw, 225px\" \/>\r\n\t\t<\/div>\r\n\t\t\t<div class=\"bdt-overlay bdt-overlay-default bdt-position-cover bdt-transition-fade\">\r\n\t\t\t<div class=\"bdt-custom-gallery-content\">\r\n\t\t\t\t<div class=\"bdt-custom-gallery-content-inner\">\r\n\r\n\r\n\r\n\t\t\t\t\t\t\t\t\t\t\t<div class=\"bdt-flex-inline bdt-gallery-item-link-wrapper\">\r\n\t\t\t\t\t\t\t<a data-elementor-open-lightbox=\"no\" href=\"https:\/\/dolmon.cz\/wp-content\/uploads\/2024\/01\/20230502_083907932_iOS.jpg\" class=\"bdt-gallery-item-link bdt-gallery-lightbox-item\" data-caption=\"\">\r\n\t\t\t\t\t\t\t\t\t\t\t\t\t\t\t\t\t<i class=\"ep-icon-plus\" aria-hidden=\"true\"><\/i>\r\n\t\t\t\t\t\t\t\t\t\t\t\t\t\t\t<\/a>\r\n\t\t\t\t\t\t<\/div>\r\n\t\t\t\t\t\r\n\t\t\t\t\t\t\t<h3 class=\"bdt-gallery-item-title bdt-transition-slide-top-small\">\r\n\t\t\t\t\t<\/h3>\r\n\t\t\t<div class=\"bdt-gallery-item-text bdt-transition-slide-bottom-small\"><\/div>\r\n\t\r\n\t\t\t\t<\/div>\r\n\t\t\t<\/div>\r\n\t\t<\/div>\r\n\t\r\n\t\t\t\t\t\t\t\t\t\t<\/div>\r\n\t\t\t<\/div>\r\n\r\n\t\t\t\t\t<div class=\"bdt-gallery-item bdt-transition-toggle bdt-width-1-1 bdt-width-1-2@s bdt-width-1-3@m\">\r\n\t\t\t\t<div class=\"bdt-custom-gallery-inner\">\r\n\r\n\t\t\t\t\t\r\n\t\t\t\t\t\r\n\t\t\t\t\t\t\r\n\t\t<div class=\"bdt-gallery-thumbnail\">\r\n\r\n\t\t\t<img loading=\"lazy\" decoding=\"async\" width=\"225\" height=\"300\" src=\"https:\/\/dolmon.cz\/wp-content\/uploads\/2024\/01\/20230426_085145972_iOS-225x300.jpg\" class=\"attachment-medium size-medium\" alt=\"\" srcset=\"https:\/\/dolmon.cz\/wp-content\/uploads\/2024\/01\/20230426_085145972_iOS-225x300.jpg 225w, https:\/\/dolmon.cz\/wp-content\/uploads\/2024\/01\/20230426_085145972_iOS-768x1024.jpg 768w, https:\/\/dolmon.cz\/wp-content\/uploads\/2024\/01\/20230426_085145972_iOS-1152x1536.jpg 1152w, https:\/\/dolmon.cz\/wp-content\/uploads\/2024\/01\/20230426_085145972_iOS.jpg 1536w\" sizes=\"(max-width: 225px) 100vw, 225px\" \/>\r\n\t\t<\/div>\r\n\t\t\t<div class=\"bdt-overlay bdt-overlay-default bdt-position-cover bdt-transition-fade\">\r\n\t\t\t<div class=\"bdt-custom-gallery-content\">\r\n\t\t\t\t<div class=\"bdt-custom-gallery-content-inner\">\r\n\r\n\r\n\r\n\t\t\t\t\t\t\t\t\t\t\t<div class=\"bdt-flex-inline bdt-gallery-item-link-wrapper\">\r\n\t\t\t\t\t\t\t<a data-elementor-open-lightbox=\"no\" href=\"https:\/\/dolmon.cz\/wp-content\/uploads\/2024\/01\/20230426_085145972_iOS.jpg\" class=\"bdt-gallery-item-link bdt-gallery-lightbox-item\" data-caption=\"\">\r\n\t\t\t\t\t\t\t\t\t\t\t\t\t\t\t\t\t<i class=\"ep-icon-plus\" aria-hidden=\"true\"><\/i>\r\n\t\t\t\t\t\t\t\t\t\t\t\t\t\t\t<\/a>\r\n\t\t\t\t\t\t<\/div>\r\n\t\t\t\t\t\r\n\t\t\t\t\t\t\t<h3 class=\"bdt-gallery-item-title bdt-transition-slide-top-small\">\r\n\t\t\t\t\t<\/h3>\r\n\t\t\t<div class=\"bdt-gallery-item-text bdt-transition-slide-bottom-small\"><\/div>\r\n\t\r\n\t\t\t\t<\/div>\r\n\t\t\t<\/div>\r\n\t\t<\/div>\r\n\t\r\n\t\t\t\t\t\t\t\t\t\t<\/div>\r\n\t\t\t<\/div>\r\n\r\n\t\t\r\n\t\t<\/div>\r\n\t\t\t\t<\/div>\n\t\t\t\t<\/div>\n\t\t\t\t\t<\/div>\n\t\t\t\t<\/div>\n\t\t\t\t\t<\/div>\n\t\t\t\t<\/div>\n\t\t\t\t\t\t\t<\/div>\n\t\t","protected":false},"excerpt":{"rendered":"<p>Z\u00e1mkov\u00e1 dla\u017eba \u0160imanov<\/p>\n","protected":false},"author":1,"featured_media":0,"parent":0,"menu_order":0,"comment_status":"closed","ping_status":"closed","template":"","meta":{"om_disable_all_campaigns":false,"_monsterinsights_skip_tracking":false,"_monsterinsights_sitenote_active":false,"_monsterinsights_sitenote_note":"","_monsterinsights_sitenote_category":0,"_uf_show_specific_survey":0,"_uf_disable_surveys":false,"site-sidebar-layout":"no-sidebar","site-content-layout":"page-builder","ast-site-content-layout":"full-width-container","site-content-style":"default","site-sidebar-style":"default","ast-global-header-display":"","ast-banner-title-visibility":"","ast-main-header-display":"","ast-hfb-above-header-display":"","ast-hfb-below-header-display":"","ast-hfb-mobile-header-display":"","site-post-title":"disabled","ast-breadcrumbs-content":"","ast-featured-img":"disabled","footer-sml-layout":"","theme-transparent-header-meta":"","adv-header-id-meta":"","stick-header-meta":"","header-above-stick-meta":"","header-main-stick-meta":"","header-below-stick-meta":"","astra-migrate-meta-layouts":"set","ast-page-background-enabled":"default","ast-page-background-meta":{"desktop":{"background-color":"","background-image":"","background-repeat":"repeat","background-position":"center center","background-size":"auto","background-attachment":"scroll","background-type":"","background-media":"","overlay-type":"","overlay-color":"","overlay-gradient":""},"tablet":{"background-color":"","background-image":"","background-repeat":"repeat","background-position":"center center","background-size":"auto","background-attachment":"scroll","background-type":"","background-media":"","overlay-type":"","overlay-color":"","overlay-gradient":""},"mobile":{"background-color":"","background-image":"","background-repeat":"repeat","background-position":"center center","background-size":"auto","background-attachment":"scroll","background-type":"","background-media":"","overlay-type":"","overlay-color":"","overlay-gradient":""}},"ast-content-background-meta":{"desktop":{"background-color":"var(--ast-global-color-5)","background-image":"","background-repeat":"repeat","background-position":"center center","background-size":"auto","background-attachment":"scroll","background-type":"","background-media":"","overlay-type":"","overlay-color":"","overlay-gradient":""},"tablet":{"background-color":"var(--ast-global-color-5)","background-image":"","background-repeat":"repeat","background-position":"center center","background-size":"auto","background-attachment":"scroll","background-type":"","background-media":"","overlay-type":"","overlay-color":"","overlay-gradient":""},"mobile":{"background-color":"var(--ast-global-color-5)","background-image":"","background-repeat":"repeat","background-position":"center center","background-size":"auto","background-attachment":"scroll","background-type":"","background-media":"","overlay-type":"","overlay-color":"","overlay-gradient":""}},"ngg_post_thumbnail":0,"footnotes":""},"class_list":["post-1647","page","type-page","status-publish","hentry"],"aioseo_notices":[],"_links":{"self":[{"href":"https:\/\/dolmon.cz\/index.php\/wp-json\/wp\/v2\/pages\/1647","targetHints":{"allow":["GET"]}}],"collection":[{"href":"https:\/\/dolmon.cz\/index.php\/wp-json\/wp\/v2\/pages"}],"about":[{"href":"https:\/\/dolmon.cz\/index.php\/wp-json\/wp\/v2\/types\/page"}],"author":[{"embeddable":true,"href":"https:\/\/dolmon.cz\/index.php\/wp-json\/wp\/v2\/users\/1"}],"replies":[{"embeddable":true,"href":"https:\/\/dolmon.cz\/index.php\/wp-json\/wp\/v2\/comments?post=1647"}],"version-history":[{"count":4,"href":"https:\/\/dolmon.cz\/index.php\/wp-json\/wp\/v2\/pages\/1647\/revisions"}],"predecessor-version":[{"id":1666,"href":"https:\/\/dolmon.cz\/index.php\/wp-json\/wp\/v2\/pages\/1647\/revisions\/1666"}],"wp:attachment":[{"href":"https:\/\/dolmon.cz\/index.php\/wp-json\/wp\/v2\/media?parent=1647"}],"curies":[{"name":"wp","href":"https:\/\/api.w.org\/{rel}","templated":true}]}}